{"id":27,"date":"2023-12-06T19:36:50","date_gmt":"2023-12-06T19:36:50","guid":{"rendered":"https:\/\/cenffor.gov.ao\/?page_id=27"},"modified":"2024-03-15T10:37:48","modified_gmt":"2024-03-15T10:37:48","slug":"quem-somos","status":"publish","type":"page","link":"https:\/\/cenffor.gov.ao\/?page_id=27","title":{"rendered":"Quem somos"},"content":{"rendered":"\n<p>Quem somos<\/p>\n\n\n\n<p>O Centro Nacional de Forma\u00e7\u00e3o de Formadores, abreviadamente designado por CENFFOR \u00e9 um estabelecimento p\u00fablico, tutelado pelo Instituto Nacional de Emprego e Forma\u00e7\u00e3o Profissional e destina-se a ministrar forma\u00e7\u00e3o t\u00e9cnico-pedag\u00f3gica aos formadores e agentes integrados no Sistema Nacional de Forma\u00e7\u00e3o Profissional.<\/p>\n\n\n\n<p>O CENFFOR foi criado ao abrigo do Decreto Executivo n\u00ba 37\/05, de 14 de Mar\u00e7o.<\/p>\n\n\n\n<p><strong>Miss\u00e3o<\/strong><\/p>\n\n\n\n<p>Executar ac\u00e7\u00f5es de forma\u00e7\u00e3o pedag\u00f3gica e t\u00e9cnica cont\u00ednua para formadores e trabalhadores, promovendo a valoriza\u00e7\u00e3o do cidad\u00e3o e apostando num processo formativo integral.<\/p>\n\n\n\n<p><strong>Vis\u00e3o<\/strong><\/p>\n\n\n\n<p>Ser reconhecido pela sua excel\u00eancia de desempenho e comprometimento com a melhoria dos servi\u00e7os de forma\u00e7\u00e3o que presta, bem como, pela qualidade do seu ambiente interno e das rela\u00e7\u00f5es que mat\u00e9m com o p\u00fablico.<\/p>\n\n\n\n<p><strong>Valores<\/strong><\/p>\n\n\n\n<p>Integridade, compet\u00eancia, dedica\u00e7\u00e3o, respeito, responsabilidade, compromisso, confian\u00e7a, coer\u00eancia, dignidade, criatividade, qualidade, identidade, transpar\u00eancia e rigor.<\/p>\n\n\n\n<p>O CENFFOR tem a sua sede em Luanda e desenvolve a sua actividade em toda extens\u00e3o do territ\u00f3rio nacional atrav\u00e9s dos N\u00facleos de Forma\u00e7\u00e3o de Formadores.<\/p>\n\n\n\n<p><strong>Responsabilidades<\/strong><\/p>\n\n\n\n<p>O CENFFOR \u00e9 a institui\u00e7\u00e3o que define as regras do curso de Forma\u00e7\u00e3o Pedag\u00f3gica Inicial e Cont\u00ednua de Formadores no pa\u00eds. Cabe ainda ao CENFFOR realizar avalia\u00e7\u00f5es e acompanhamento t\u00e9cnico-pedag\u00f3gico, como forma de medir o comportamento e o perfil ocupacional do formador.<\/p>\n","protected":false},"excerpt":{"rendered":"<p>Quem somos O Centro Nacional de Forma\u00e7\u00e3o de Formadores, abreviadamente designado por CENFFOR \u00e9 um estabelecimento p\u00fablico, tutelado pelo Instituto Nacional de Emprego e Forma\u00e7\u00e3o Profissional e destina-se a ministrar forma\u00e7\u00e3o t\u00e9cnico-pedag\u00f3gica aos formadores e agentes integrados no Sistema Nacional de Forma\u00e7\u00e3o Profissional. O CENFFOR foi criado ao abrigo do Decreto Executivo n\u00ba 37\/05, de [&hellip;]<\/p>\n","protected":false},"author":1,"featured_media":0,"parent":0,"menu_order":0,"comment_status":"closed","ping_status":"closed","template":"page-templates\/page-about.php","meta":{"_acf_changed":false,"footnotes":""},"class_list":["post-27","page","type-page","status-publish","hentry"],"acf":[],"_links":{"self":[{"href":"https:\/\/cenffor.gov.ao\/index.php?rest_route=\/wp\/v2\/pages\/27","targetHints":{"allow":["GET"]}}],"collection":[{"href":"https:\/\/cenffor.gov.ao\/index.php?rest_route=\/wp\/v2\/pages"}],"about":[{"href":"https:\/\/cenffor.gov.ao\/index.php?rest_route=\/wp\/v2\/types\/page"}],"author":[{"embeddable":true,"href":"https:\/\/cenffor.gov.ao\/index.php?rest_route=\/wp\/v2\/users\/1"}],"replies":[{"embeddable":true,"href":"https:\/\/cenffor.gov.ao\/index.php?rest_route=%2Fwp%2Fv2%2Fcomments&post=27"}],"version-history":[{"count":4,"href":"https:\/\/cenffor.gov.ao\/index.php?rest_route=\/wp\/v2\/pages\/27\/revisions"}],"predecessor-version":[{"id":157,"href":"https:\/\/cenffor.gov.ao\/index.php?rest_route=\/wp\/v2\/pages\/27\/revisions\/157"}],"wp:attachment":[{"href":"https:\/\/cenffor.gov.ao\/index.php?rest_route=%2Fwp%2Fv2%2Fmedia&parent=27"}],"curies":[{"name":"wp","href":"https:\/\/api.w.org\/{rel}","templated":true}]}}