{"id":55,"date":"2023-12-28T09:37:14","date_gmt":"2023-12-28T09:37:14","guid":{"rendered":"https:\/\/cenffor.gov.ao\/?page_id=55"},"modified":"2023-12-28T09:49:22","modified_gmt":"2023-12-28T09:49:22","slug":"bolsa-nacional-de-formadores","status":"publish","type":"page","link":"https:\/\/cenffor.gov.ao\/?page_id=55","title":{"rendered":"Bolsa Nacional de Formadores"},"content":{"rendered":"\n<p>A Bolsa Nacional de Formadores, abreviadamente designada por BNF, \u00e9 uma base de dados que integra o perfil de todos candidatos que concluem a Forma\u00e7\u00e3o Pedag\u00f3gica Inicial de Formadores com \u00eaxito.<\/p>\n\n\n\n<p>A BNF permite a cada formador concluir o seu cadastro na plataforma e publicitar o seu perfil profissional, podendo para o efeito anexar o seu curr\u00edculo formativo e a sua imagem, aumentando assim a possibilidade de ser contactado por uma institui\u00e7\u00e3o de forma\u00e7\u00e3o.<br><\/p>\n\n\n\n<p>A BNF permite, de igual modo, \u00e0s institui\u00e7\u00f5es de forma\u00e7\u00e3o ou empresas, encontrar os futuros  formadores para a sua institui\u00e7\u00e3o. <\/p>\n\n\n\n<p><\/p>\n","protected":false},"excerpt":{"rendered":"<p>A Bolsa Nacional de Formadores, abreviadamente designada por BNF, \u00e9 uma base de dados que integra o perfil de todos candidatos que concluem a Forma\u00e7\u00e3o Pedag\u00f3gica Inicial de Formadores com \u00eaxito. A BNF permite a cada formador concluir o seu cadastro na plataforma e publicitar o seu perfil profissional, podendo para o efeito anexar o [&hellip;]<\/p>\n","protected":false},"author":1,"featured_media":0,"parent":0,"menu_order":0,"comment_status":"closed","ping_status":"closed","template":"page-templates\/page-bnf.php","meta":{"_acf_changed":false,"footnotes":""},"class_list":["post-55","page","type-page","status-publish","hentry"],"acf":[],"_links":{"self":[{"href":"https:\/\/cenffor.gov.ao\/index.php?rest_route=\/wp\/v2\/pages\/55","targetHints":{"allow":["GET"]}}],"collection":[{"href":"https:\/\/cenffor.gov.ao\/index.php?rest_route=\/wp\/v2\/pages"}],"about":[{"href":"https:\/\/cenffor.gov.ao\/index.php?rest_route=\/wp\/v2\/types\/page"}],"author":[{"embeddable":true,"href":"https:\/\/cenffor.gov.ao\/index.php?rest_route=\/wp\/v2\/users\/1"}],"replies":[{"embeddable":true,"href":"https:\/\/cenffor.gov.ao\/index.php?rest_route=%2Fwp%2Fv2%2Fcomments&post=55"}],"version-history":[{"count":3,"href":"https:\/\/cenffor.gov.ao\/index.php?rest_route=\/wp\/v2\/pages\/55\/revisions"}],"predecessor-version":[{"id":59,"href":"https:\/\/cenffor.gov.ao\/index.php?rest_route=\/wp\/v2\/pages\/55\/revisions\/59"}],"wp:attachment":[{"href":"https:\/\/cenffor.gov.ao\/index.php?rest_route=%2Fwp%2Fv2%2Fmedia&parent=55"}],"curies":[{"name":"wp","href":"https:\/\/api.w.org\/{rel}","templated":true}]}}